{"id":207,"date":"2023-03-10T12:47:18","date_gmt":"2023-03-10T11:47:18","guid":{"rendered":"https:\/\/castingsonline.topmodelinternationalofficial.com\/?page_id=207"},"modified":"2023-03-10T12:49:22","modified_gmt":"2023-03-10T11:49:22","slug":"politique-vie-privee","status":"publish","type":"page","link":"https:\/\/castingsonline.topmodelinternationalofficial.com\/index.php\/hyperliens\/politique-vie-privee\/","title":{"rendered":"Politique Vie Priv\u00e9e"},"content":{"rendered":"\t\t<div data-elementor-type=\"wp-page\" data-elementor-id=\"207\" class=\"elementor elementor-207\">\n\t\t\t\t\t\t<section class=\"elementor-section elementor-top-section elementor-element elementor-element-3e7ad7a elementor-section-boxed elementor-section-height-default elementor-section-height-default\" data-id=\"3e7ad7a\" data-element_type=\"section\">\n\t\t\t\t\t\t<div class=\"elementor-container elementor-column-gap-default\">\n\t\t\t\t\t<div class=\"elementor-column elementor-col-100 elementor-top-column elementor-element elementor-element-45aa0a8\" data-id=\"45aa0a8\" data-element_type=\"column\">\n\t\t\t<div class=\"elementor-widget-wrap elementor-element-populated\">\n\t\t\t\t\t\t<div class=\"elementor-element elementor-element-494c945 elementor-widget elementor-widget-text-editor\" data-id=\"494c945\" data-element_type=\"widget\" data-widget_type=\"text-editor.default\">\n\t\t\t\t<div class=\"elementor-widget-container\">\n\t\t\t\t\t\t\t\t\t<p><strong>Politique vie priv\u00e9e<\/strong><\/p><p>\u00a0<\/p><p>Le site TOP MODEL INTERNATIONAL (<a href=\"http:\/\/www.topmodelinternational.com\/\">www.topmodelinternational.com<\/a>) est \u00e9dit\u00e9 par VIP EVENTS SAINT-TROPEZ SARL. La VIP EVENTS SAINT-TROPEZ SARLest responsable du traitement de vos donn\u00e9es personnelles.<\/p><p>\u00a0<\/p><p>Les \u00e9ventuelles donn\u00e9es \u00e0 caract\u00e8re personnel communiqu\u00e9es sur le Site sont trait\u00e9es en conformit\u00e9 avec la r\u00e9glementation nationale applicable en la mati\u00e8re.<\/p><p>\u00a0<\/p><p>Le Site traite vos donn\u00e9es \u00e0 caract\u00e8re personnel conform\u00e9ment au R\u00e8glement (UE) 2016\/679 du Parlement europ\u00e9en et du Conseil du 27 avril 2016 relatif \u00e0 la protection des personnes physiques \u00e0 l\u2019\u00e9gard du traitement des donn\u00e9es \u00e0 caract\u00e8re personnel et \u00e0 la libre circulation de ces donn\u00e9es, et abrogeant la directive 95\/46\/CE (r\u00e8glement g\u00e9n\u00e9ral sur la protection des donn\u00e9es).<\/p><p>\u00a0<\/p><p>La base l\u00e9gale du traitement est la relation entre l\u2019\u00c9diteur et le candidat aux castings et concours organis\u00e9s par l\u2019\u00c9diteur conform\u00e9ment \u00e0 notre R\u00e8glement dans la mesure o\u00f9 le recueil des donn\u00e9es est obligatoire pour participer au casting et concours ainsi que pour l\u2019ex\u00e9cution des futurs contrats. Les informations personnelles recueillies peuvent inclure votre nom, adresse postale et\/ou \u00e9lectronique, num\u00e9ro de t\u00e9l\u00e9phone fixe et\/ou portable, informations bancaires, informations sur votre apparence physique, photographie, annonce vocale, vid\u00e9o, vos centres d&#8217;int\u00e9r\u00eat et votre utilisation du service.\u00a0<\/p><p>\u00a0<\/p><p>En outre, il peut \u00eatre demand\u00e9 \u00e0 l\u2019internaute qui utilise le site (www.topmodelinternational.com) de fournir certaines donn\u00e9es telles que nom, adresse postale, adresse de courrier \u00e9lectronique, t\u00e9l\u00e9phone, et autres donn\u00e9es, tels les pays et commune de r\u00e9sidence ou toute autre information que l\u2019Utilisateur indiquera par le biais de formulaires pr\u00e9vus \u00e0 cet effet. Certaines informations non personnelles peuvent \u00eatre recueillies comme la version du navigateur du Membre ou de tout utilisateur (Internet Explorer, Netscape, etc.), le type de syst\u00e8me d&#8217;exploitation utilis\u00e9 (Mac OS X, Windows XP, etc.) et l&#8217;adresse IP de l&#8217;ordinateur utilis\u00e9.\u00a0<\/p><p>\u00a0<\/p><p>Les informations relatives aux castings et concours sont accessibles sur le Site. En outre, elles sont susceptibles d&#8217;\u00eatre diffus\u00e9es par nos soins ou par le biais de nos partenaires aupr\u00e8s de personnes int\u00e9ress\u00e9es, par le biais de newsletters ou de sites Web tiers ou par toute voie de communication \u00e9lectronique (e-mail, SMS, etc.) ou audiovisuelle (radio, t\u00e9l\u00e9vision, etc.), ou de presse (journaux, revues, etc.), afin d&#8217;accro\u00eetre vos chances de rencontres en faisant la promotion de vos annonces et pr\u00e9sentation. En cons\u00e9quence, vous autorisez express\u00e9ment le Site \u00e0 reproduire et diffuser les informations composant vos pr\u00e9sentations (informations, description, images, etc.) sur tout ou partie du Site et\/ou sur tous supports et moyens de diffusion, notamment de communication audiovisuelle (presse, radio, t\u00e9l\u00e9vision hertzienne, num\u00e9rique, par c\u00e2ble ou satellite) ou \u00e9lectronique (e-mail SMS, Internet, wap, imode, pocket pc, palm, etc.), pour le monde entier et pour la dur\u00e9e des contrats avec le Site. En outre, le vous autorisez express\u00e9ment le Site \u00e0 transmettre le b\u00e9n\u00e9fice des droits pr\u00e9c\u00e9demment vis\u00e9s aux partenaires du Site. Si vous ne souhaitez plus que le Site ou ses partenaires reproduisent ou diffusent les informations composant vos pr\u00e9sentations, vous pouvez r\u00e9silier l\u2019autorisation des donn\u00e9es en suivant les conditions pr\u00e9vues au R\u00e8glement du casting ou aux Conditions G\u00e9n\u00e9rales du concours Top Model International. S&#8217;agissant des informations composant vos pr\u00e9sentations publi\u00e9es sur nos supports de communication, la r\u00e9siliation ne produira des effets qu&#8217;\u00e0 compter de la prochaine mise \u00e0 jour ou \u00e9dition des supports de communication (imprim\u00e9e, par voie de presse, audiovisuelle ou num\u00e9rique) comportant les informations concern\u00e9es.\u00a0<\/p><p>\u00a0<\/p><p>Les autres donn\u00e9es ne seront trait\u00e9es que dans le but de b\u00e9n\u00e9ficier d\u2019offres de l\u2019\u00c9diteur ou de ses partenaires, pour le service client\u00e8le de l\u2019\u00c9diteur, son administration technique, pour qu\u2019il communique avec l\u2019Utilisateur, dans le cadre de mesures de marketing et pour recommander aux Utilisateurs des services qui pourraient les int\u00e9resser. L\u2019Utilisateur consent \u00e0 ce que l\u2019\u00c9diteur traite et utilise ses donn\u00e9es personnelles \u00e0 des fins publicitaires pour lui faire parvenir notamment par e-mail, SMS ou par courrier, des communiqu\u00e9s de marketing dans les domaines en lien avec le pr\u00e9sent Site.\u00a0\u00a0<\/p><p>\u00a0<\/p><p>Les donn\u00e9es collect\u00e9es ne seront pas utilis\u00e9es \u00e0 d&#8217;autres fins et ne seront pas conserv\u00e9es dans les syst\u00e8mes du Site au-del\u00e0 de la p\u00e9riode n\u00e9cessaire \u00e0 la r\u00e9alisation de cet objectif. La communication des donn\u00e9es est facultative mais certains outils du Site ne peuvent produire de r\u00e9sultats que si ces donn\u00e9es sont fournies.<\/p><p>\u00a0<\/p><p>L\u2019\u00c9diteur pourra n\u00e9anmoins transmettre ces donn\u00e9es \u00e0 ses employ\u00e9s ainsi qu&#8217;aux autorit\u00e9s \u00e9tatiques ou autres parties tierces dans le respect des dispositions l\u00e9gales.<\/p><p>\u00a0<\/p><p>L&#8217;adresse IP de l\u2019ordinateur de l\u2019Utilisateur est automatiquement enregistr\u00e9e par le syst\u00e8me. Cette information n\u2019identifie pas l\u2019Utilisateur personnellement qui reste anonyme, sauf s\u2019il a lui-m\u00eame fourni des donn\u00e9es.<\/p><p>\u00a0<\/p><p>L\u2019\u00c9diteur prend toutes les mesures de pr\u00e9caution afin d&#8217;assurer la s\u00e9curit\u00e9 des donn\u00e9es. Cependant, il ne peut \u00e9carter tous les risques li\u00e9s \u00e0 l&#8217;utilisation d&#8217;Internet. Ainsi, lors de la communication des donn\u00e9es, l\u2019Utilisateur est conscient que d&#8217;autres Utilisateurs de l&#8217;internet peuvent \u00e9ventuellement parvenir \u00e0 visualiser ces donn\u00e9es.<\/p><p>\u00a0<\/p><p>Vos donn\u00e9es sont conserv\u00e9es pendant la p\u00e9riode n\u00e9cessaire pour r\u00e9aliser la finalit\u00e9 du traitement.<\/p><p>\u00a0<\/p><p>Vous disposez du droit de demander l\u2019acc\u00e8s \u00e0 vos donn\u00e9es, la rectification des donn\u00e9es incorrectes ou incompl\u00e8tes ou d\u2019effacer vos donn\u00e9es. Un tel effacement de donn\u00e9es n\u2019est pas possible si le traitement de vos donn\u00e9es est n\u00e9cessaire pour la justification de ou la d\u00e9fense dans le cadre d\u2019une action en justice.<\/p><p>\u00a0<\/p><p>Dans certains cas, vous avez le droit \u00e0 la limitation du traitement, notamment si vous contestez l\u2019exactitude des donn\u00e9es, si le traitement est ill\u00e9gitime et que vous vous opposez \u00e0 l\u2019effacement des donn\u00e9es, et si vous avez besoin des donn\u00e9es pour l\u2019introduction, l\u2019exercice ou la justification d\u2019une action en justice alors que nous n\u2019avons plus besoin des donn\u00e9es \u00e0 des finalit\u00e9s de traitement. Le cas \u00e9ch\u00e9ant, nous ne ferons que conserver vos donn\u00e9es.<\/p><p>\u00a0<\/p><p>Vous avez le droit d\u2019obtenir les donn\u00e9es qui vous concernent et que vous avez fournies \u00e0 nous, ou de les transmettre \u00e0 un autre responsable de traitement. Une telle r\u00e9ception ou transmission n\u2019est pas possible si le traitement de vos donn\u00e9es est n\u00e9cessaire pour l\u2019exercice de ou la d\u00e9fense dans le cadre d\u2019une action en justice.<\/p><p>\u00a0<\/p><p>Vous avez le droit de ne pas \u00eatre soumis \u00e0 une d\u00e9cision individuel bas\u00e9e sur un traitement automatis\u00e9 si cela entra\u00eene pour vous des cons\u00e9quences juridiques ou si cela vous touche de mani\u00e8re consid\u00e9rable. Cela n\u2019est pas possible si cette d\u00e9cision repose sur votre consentement.<\/p><p>\u00a0<\/p><p>Vous avez un droit de l\u2019opposition au traitement de vos donn\u00e9es (1) qui est n\u00e9cessaire pour nos int\u00e9r\u00eats l\u00e9gitimes, \u00e0 condition qu\u2019il soit question de motifs sp\u00e9cifiquement li\u00e9s \u00e0 votre situation et (2) au profit du marketing direct. Une telle opposition n\u2019est pas possible si le traitement de vos donn\u00e9es est n\u00e9cessaire \u00e0 l\u2019ex\u00e9cution de la convention.<\/p><p>\u00a0<\/p><p>Il suffit pour ce faire d&#8217;adresser une demande \u00e9crite en ce sens \u00e0 l&#8217;adresse suivante : <a href=\"mailto:office@topmodelinternational.com\">office@topmodelinternational.com<\/a> l\u2019\u00c9diteur modifiera et mettra ses informations \u00e0 jour en cons\u00e9quence.<\/p><p><br \/>Si vous estimez, apr\u00e8s nous avoir contact\u00e9s, que vos droits ne sont pas respect\u00e9s, vous pouvez adresser une r\u00e9clamation \u00e0 la <u>CNIL.<\/u><\/p><p>\u00a0<\/p><p>Nous avons d\u00e9velopp\u00e9 des mesures de s\u00e9curit\u00e9 adapt\u00e9es sur les plans technique et organisationnel, afin d\u2019\u00e9viter la destruction, la perte, la falsification, la modification, l\u2019acc\u00e8s non autoris\u00e9 ou la notification accidentelle \u00e0 des tiers de vos donn\u00e9es collect\u00e9es sur notre site Web ou de toute autre mani\u00e8re, ainsi que tout autre traitement non autoris\u00e9 de vos donn\u00e9es.<\/p><p>\u00a0<\/p><p>En aucun cas, nous ne pouvons \u00eatre tenu responsable de dommages directs ou indirects r\u00e9sultant d\u2019une utilisation fautive ou ill\u00e9gitime par un tiers de vos donn\u00e9es.<\/p><p>\u00a0<\/p><p>Il est possible que la pr\u00e9sente d\u00e9claration de confidentialit\u00e9 soit \u00e9tendue ou adapt\u00e9e \u00e0 l\u2019avenir, par exemple si de nouvelles \u00e9volutions surviennent. C\u2019est pourquoi nous vous recommandons de consulter r\u00e9guli\u00e8rement la pr\u00e9sente d\u00e9claration de confidentialit\u00e9.<\/p>\t\t\t\t\t\t\t\t<\/div>\n\t\t\t\t<\/div>\n\t\t\t\t\t<\/div>\n\t\t<\/div>\n\t\t\t\t\t<\/div>\n\t\t<\/section>\n\t\t\t\t<\/div>\n\t\t","protected":false},"excerpt":{"rendered":"<p>Politique vie priv\u00e9e Le site TOP MODEL INTERNATIONAL (www.topmodelinternational.com) est \u00e9dit\u00e9 par VIP EVENTS SAINT-TROPEZ SARL. La VIP EVENTS SAINT-TROPEZ SARLest responsable du traitement de vos donn\u00e9es personnelles. Les \u00e9ventuelles donn\u00e9es \u00e0 caract\u00e8re personnel communiqu\u00e9es sur le Site sont trait\u00e9es en conformit\u00e9 avec la r\u00e9glementation nationale applicable en la mati\u00e8re. Le Site traite vos donn\u00e9es&#8230;<\/p>\n","protected":false},"author":1,"featured_media":0,"parent":213,"menu_order":0,"comment_status":"closed","ping_status":"closed","template":"","meta":{"footnotes":""},"class_list":["post-207","page","type-page","status-publish","hentry"],"aioseo_notices":[],"_links":{"self":[{"href":"https:\/\/castingsonline.topmodelinternationalofficial.com\/index.php\/wp-json\/wp\/v2\/pages\/207","targetHints":{"allow":["GET"]}}],"collection":[{"href":"https:\/\/castingsonline.topmodelinternationalofficial.com\/index.php\/wp-json\/wp\/v2\/pages"}],"about":[{"href":"https:\/\/castingsonline.topmodelinternationalofficial.com\/index.php\/wp-json\/wp\/v2\/types\/page"}],"author":[{"embeddable":true,"href":"https:\/\/castingsonline.topmodelinternationalofficial.com\/index.php\/wp-json\/wp\/v2\/users\/1"}],"replies":[{"embeddable":true,"href":"https:\/\/castingsonline.topmodelinternationalofficial.com\/index.php\/wp-json\/wp\/v2\/comments?post=207"}],"version-history":[{"count":5,"href":"https:\/\/castingsonline.topmodelinternationalofficial.com\/index.php\/wp-json\/wp\/v2\/pages\/207\/revisions"}],"predecessor-version":[{"id":215,"href":"https:\/\/castingsonline.topmodelinternationalofficial.com\/index.php\/wp-json\/wp\/v2\/pages\/207\/revisions\/215"}],"up":[{"embeddable":true,"href":"https:\/\/castingsonline.topmodelinternationalofficial.com\/index.php\/wp-json\/wp\/v2\/pages\/213"}],"wp:attachment":[{"href":"https:\/\/castingsonline.topmodelinternationalofficial.com\/index.php\/wp-json\/wp\/v2\/media?parent=207"}],"curies":[{"name":"wp","href":"https:\/\/api.w.org\/{rel}","templated":true}]}}