{"id":202,"date":"2023-03-10T12:40:45","date_gmt":"2023-03-10T11:40:45","guid":{"rendered":"https:\/\/castingsonline.topmodelinternationalofficial.com\/?page_id=202"},"modified":"2026-02-01T19:54:31","modified_gmt":"2026-02-01T18:54:31","slug":"reglement","status":"publish","type":"page","link":"https:\/\/castingsonline.topmodelinternationalofficial.com\/index.php\/hyperliens\/reglement\/","title":{"rendered":"R\u00e8glement"},"content":{"rendered":"\t\t<div data-elementor-type=\"wp-page\" data-elementor-id=\"202\" class=\"elementor elementor-202\">\n\t\t\t\t\t\t<section class=\"elementor-section elementor-top-section elementor-element elementor-element-3345f67 elementor-section-boxed elementor-section-height-default elementor-section-height-default\" data-id=\"3345f67\" data-element_type=\"section\">\n\t\t\t\t\t\t<div class=\"elementor-container elementor-column-gap-default\">\n\t\t\t\t\t<div class=\"elementor-column elementor-col-100 elementor-top-column elementor-element elementor-element-6a1e1a9\" data-id=\"6a1e1a9\" data-element_type=\"column\">\n\t\t\t<div class=\"elementor-widget-wrap elementor-element-populated\">\n\t\t\t\t\t\t<div class=\"elementor-element elementor-element-86a6d91 elementor-widget elementor-widget-text-editor\" data-id=\"86a6d91\" data-element_type=\"widget\" data-widget_type=\"text-editor.default\">\n\t\t\t\t<div class=\"elementor-widget-container\">\n\t\t\t\t\t\t\t\t\t<h3><strong>R\u00e8glement du casting Top Model\u00a0International<\/strong><\/h3>\t\t\t\t\t\t\t\t<\/div>\n\t\t\t\t<\/div>\n\t\t\t\t\t<\/div>\n\t\t<\/div>\n\t\t\t\t\t<\/div>\n\t\t<\/section>\n\t\t\t\t<section class=\"elementor-section elementor-top-section elementor-element elementor-element-6211914 elementor-section-boxed elementor-section-height-default elementor-section-height-default\" data-id=\"6211914\" data-element_type=\"section\">\n\t\t\t\t\t\t<div class=\"elementor-container elementor-column-gap-default\">\n\t\t\t\t\t<div class=\"elementor-column elementor-col-100 elementor-top-column elementor-element elementor-element-57faf50\" data-id=\"57faf50\" data-element_type=\"column\">\n\t\t\t<div class=\"elementor-widget-wrap elementor-element-populated\">\n\t\t\t\t\t\t<div class=\"elementor-element elementor-element-adbcd2f elementor-widget elementor-widget-text-editor\" data-id=\"adbcd2f\" data-element_type=\"widget\" data-widget_type=\"text-editor.default\">\n\t\t\t\t<div class=\"elementor-widget-container\">\n\t\t\t\t\t\t\t\t\t<p>Le casting est ouvert aux dates mentionn\u00e9es sur le site internet. La participation \u00e0 ce casting vaut l\u2019acceptation du pr\u00e9sent R\u00e8glement.<\/p><p><strong>Comment participer ?<\/strong><\/p><p>La participation au casting est conditionn\u00e9e par l\u2019inscription en ligne des candidats via le\u00a0<u>formulaire\u00a0<\/u>disponible sur le site Internet Top Model International.\u00a0<\/p><p><strong>Conditions de participation<\/strong><\/p><p>Avoir entre 15 et 40 ans en date du 1<sup>er<\/sup> SEPTEMBRE 2026<\/p><p>Le candidat mineur d\u00e9clare express\u00e9ment que ses repr\u00e9sentants l\u00e9gaux ont pris connaissance du pr\u00e9sent R\u00e8glement et ont marqu\u00e9 leur accord sur celui-ci ainsi que leur accord inconditionnel \u00e0 la participation du candidat. A d\u00e9faut, le candidat mineur sera disqualifi\u00e9.<\/p><p>Le candidat \u2013 ou ses repr\u00e9sentants l\u00e9gaux s\u2019il est mineur \u2013 s\u2019engage \u00e0 ne pas participer \u00e0 un quelconque concours de beaut\u00e9, ni \u00e0 signer un engagement par un contrat d\u2019exclusivit\u00e9 qui le lierait \u00e0 une agence de mannequins ou de castings ou \u00e0 une soci\u00e9t\u00e9 organisatrice d\u2019un concours de mannequins ou de beaut\u00e9 \u00e0 la date d\u2019envoi de la candidature au pr\u00e9sent casting et ainsi \u00e0 l\u2019acceptation du pr\u00e9sent R\u00e8glement jusqu\u2019au jour suivant la finale dont la date sera fix\u00e9e par l\u2019organisateur si le candidat est retenu ou, dans le cas contraire, jusqu\u2019au jour o\u00f9 le candidat est inform\u00e9 que sa participation au concours n\u2019est pas retenue.<\/p><p><strong>Pour \u00eatre valide, une inscription doit imp\u00e9rativement contenir les renseignements suivants<\/strong><\/p><p>Nom, pr\u00e9nom<br \/>Adresse compl\u00e8te<br \/>Age et date de naissance<br \/>Adresse e-mail<br \/>Num\u00e9ro de t\u00e9l\u00e9phone<br \/>Nationalit\u00e9<br \/>Taille<br \/>Photos<\/p><p>En cons\u00e9quent, ne seront pas consid\u00e9r\u00e9es comme valables et n\u2019engageront donc pas les organisateurs du concours :<\/p><ul><li>Les inscriptions effectu\u00e9es apr\u00e8s les dates de casting, la soci\u00e9t\u00e9 organisatrice acceptant les inscriptions r\u00e9alis\u00e9es la veille de la cl\u00f4ture du casting dans la limite des places disponibles.<\/li><li>Les photos de mauvaise qualit\u00e9 ne correspondant pas aux modalit\u00e9s impos\u00e9es.<\/li><li>L\u2019absence de coordonn\u00e9es.<\/li><li>Des coordonn\u00e9es incompl\u00e8tes ou erron\u00e9es.<\/li><\/ul><p>Toute indication de fausse identit\u00e9 entra\u00eenera l\u2019\u00e9limination directe du candidat.<\/p><p>L\u2019inscription ne sera valid\u00e9e que si elle est effectu\u00e9e par le candidat sous son propre et unique nom ou par ses repr\u00e9sentants l\u00e9gaux s\u2019il s\u2019agit d\u2019un mineur.<\/p><p>Une seule inscription par candidate sera prise en compte.<\/p><p>L\u2019organisateur se r\u00e9serve le droit de ne pas publier, ni s\u00e9lectionner pour le concours toute photo qu\u2019il estimerait ne pas correspondre aux valeurs v\u00e9hicul\u00e9es par Top Model International, quel qu\u2019en soit le motif. Il se r\u00e9serve \u00e9galement le droit de supprimer toute candidature \u00e0 tout moment du casting \u00e0 sa seule discr\u00e9tion et sans avoir \u00e0 se justifier.<\/p><p>Les photos mises en ligne ne pourront plus \u00eatre modifi\u00e9es. Elles pourront cependant \u00eatre retir\u00e9es \u00e0 la demande expresse du candidat. Sous cette r\u00e9serve, le candidat accepte que l\u2019organisateur continue \u00e0 utiliser son image \u00e0 des fins promotionnelles du concours Top Model International en tant qu\u2019ancien candidat, et ce m\u00eame si celui-ci n\u2019a plus de relation avec la soci\u00e9t\u00e9 organisatrice. En participant au concours, le candidat \u2013 ou ses repr\u00e9sentants l\u00e9gaux s\u2019il est mineur\u00a0\u2013 accepte que ses photos et vid\u00e9os, le cas \u00e9ch\u00e9ant accompagn\u00e9es des pr\u00e9noms et noms, soient mises en ligne sur les diff\u00e9rents r\u00e9seaux de communication de l\u2019organisateur, ses r\u00e9seaux sociaux, mais \u00e9galement en fonction des besoins li\u00e9s \u00e0 la promotion du casting, sur le site internet du concours Top Model International.\u00a0<\/p><p>Il est entendu que les photos et vid\u00e9os fournies dans le cadre du concours sont totalement libres de droit, ce que le candidat \u2013 ou ses repr\u00e9sentants l\u00e9gaux s\u2019il est mineur\u00a0\u2013 garantit. Les candidates \u2013 ou ses repr\u00e9sentants l\u00e9gaux s\u2019il est mineur \u2013 sont seules responsables des photos et vid\u00e9os mises en ligne.\u00a0<\/p><p>Aucune contrepartie ne pourra \u00eatre r\u00e9clam\u00e9e par les candidats pour l\u2019utilisation de leurs photos et vid\u00e9os par l\u2019organisateur.\u00a0<\/p><p>Les crit\u00e8res de s\u00e9lections sont d\u00e9finis par l\u2019organisateur et se basent notamment sur la photog\u00e9nie, l\u2019attitude, l\u2019\u00e2ge et la taille. Aucune r\u00e9clamation des candidats \u00e9vinc\u00e9s ou non ne sera admise contre les d\u00e9cisions de s\u00e9lection du comit\u00e9 organisateur, qui ne devront en aucun cas \u00eatre motiv\u00e9es.\u00a0<\/p><p>Aucun prix ne sera attribu\u00e9 dans le cadre du casting (\u00e9preuve de s\u00e9lection).\u00a0<\/p><p><strong>Responsabilit\u00e9s<\/strong><\/p><p>L\u2019organisateur ne peut en aucun cas \u00eatre tenue responsable du dysfonctionnement du r\u00e9seau internet, du bon envoi et de la bonne r\u00e9ception des emails, de probl\u00e8mes affectant les services postaux, de la mauvaise diffusion du casting, de sa suspension ou de son annulation ni de la qualit\u00e9 des photos et vid\u00e9os int\u00e9gr\u00e9es au casting<\/p><p>L\u2019organisateur se r\u00e9serve le droit de modifier le pr\u00e9sent R\u00e8glement ou de suspendre, modifier ou r\u00e9silier le concours, ou toute partie de celui-ci, \u00e0 tout moment, \u00e0 leur seule discr\u00e9tion et sans pr\u00e9avis, en cas notamment de circonstances perturbant le d\u00e9roulement pr\u00e9vu du concours. La dur\u00e9e du concours est indicative et susceptible d\u2019\u00eatre modifi\u00e9e par l\u2019organisateur \u00e0 sa seule discr\u00e9tion.<\/p><p>En aucun cas l\u2019organisateur ne pourra \u00eatre tenu responsable de dommages directs ou indirects quelconques ou d\u2019accidents pouvant survenir au cours et suite \u00e0 la participation \u00e0 ce pr\u00e9sent concours.<\/p><p><strong>Le R\u00e8glement<\/strong><\/p><p>Toute participation au concours implique l\u2019acceptation pure, simple et sans r\u00e9serve du pr\u00e9sent R\u00e8glement, des conditions d\u2019organisation, du d\u00e9roulement du casting et des r\u00e9sultats.<\/p><p>Les cas non pr\u00e9vus par le pr\u00e9sent R\u00e8glement, les\u00a0<u>Mentions l\u00e9gales<\/u>, la\u00a0<u>Politique vie priv\u00e9e, la Politique de cookies<\/u>\u00a0ou les\u00a0<u>Conditions G\u00e9n\u00e9rales du Concours Top Model International<\/u>, seront tranch\u00e9s par l\u2019organisateur, et sa d\u00e9cision sera sans appel.<\/p><p>Toute r\u00e9clamation devra se faire par lettre recommand\u00e9e \u00e0 :<\/p><p>Top Model\u00a0International<br \/>VIP EVENTS SAINT-TROPEZ SARL<br \/>2 All\u00e9e Saudan, b13<br \/>83120 Sainte-Maxime (France)<\/p><p>en indiquant la date du casting, le nom, pr\u00e9nom, adresse compl\u00e8te et adresse mail du candidat.<\/p><p>Toute r\u00e9clamation intervenant dans un d\u00e9lai sup\u00e9rieur \u00e0 un mois apr\u00e8s la cl\u00f4ture du casting sera automatiquement rejet\u00e9e. Aucune r\u00e9clamation ne sera accept\u00e9e pass\u00e9 ce d\u00e9lai.<\/p><p>Le concours Top Model International est organis\u00e9 par\u00a0:<\/p><p>VIP EVENTS SAINT-TROPEZ SARL<br \/>2 All\u00e9e Saudan, b13<br \/>83120 Sainte-Maxime (France)<br \/>Num\u00e9ro SIRET\u00a0: 49224148400012<\/p><p>Toute question ou observation li\u00e9e au casting doit \u00eatre adress\u00e9e \u00e0 : office@topmodelinternational.com<\/p><p><strong>Loi applicable et juridictions comp\u00e9tentes<\/strong><\/p><p>Sauf dispositions protectrices imp\u00e9ratives qui trouveraient \u00e0 s\u2019appliquer, le pr\u00e9sent r\u00e8glement est soumis \u00e0 la loi fran\u00e7aise. En cas de litige, seuls les Tribunaux de Paris seront comp\u00e9tents.<\/p><p>\u00a0<\/p>\t\t\t\t\t\t\t\t<\/div>\n\t\t\t\t<\/div>\n\t\t\t\t\t<\/div>\n\t\t<\/div>\n\t\t\t\t\t<\/div>\n\t\t<\/section>\n\t\t\t\t<\/div>\n\t\t","protected":false},"excerpt":{"rendered":"<p>R\u00e8glement du casting Top Model\u00a0International Le casting est ouvert aux dates mentionn\u00e9es sur le site internet. La participation \u00e0 ce casting vaut l\u2019acceptation du pr\u00e9sent R\u00e8glement. Comment participer ? La participation au casting est conditionn\u00e9e par l\u2019inscription en ligne des candidats via le\u00a0formulaire\u00a0disponible sur le site Internet Top Model International.\u00a0 Conditions de participation Avoir entre&#8230;<\/p>\n","protected":false},"author":1,"featured_media":0,"parent":213,"menu_order":1,"comment_status":"closed","ping_status":"closed","template":"","meta":{"footnotes":""},"class_list":["post-202","page","type-page","status-publish","hentry"],"aioseo_notices":[],"_links":{"self":[{"href":"https:\/\/castingsonline.topmodelinternationalofficial.com\/index.php\/wp-json\/wp\/v2\/pages\/202","targetHints":{"allow":["GET"]}}],"collection":[{"href":"https:\/\/castingsonline.topmodelinternationalofficial.com\/index.php\/wp-json\/wp\/v2\/pages"}],"about":[{"href":"https:\/\/castingsonline.topmodelinternationalofficial.com\/index.php\/wp-json\/wp\/v2\/types\/page"}],"author":[{"embeddable":true,"href":"https:\/\/castingsonline.topmodelinternationalofficial.com\/index.php\/wp-json\/wp\/v2\/users\/1"}],"replies":[{"embeddable":true,"href":"https:\/\/castingsonline.topmodelinternationalofficial.com\/index.php\/wp-json\/wp\/v2\/comments?post=202"}],"version-history":[{"count":53,"href":"https:\/\/castingsonline.topmodelinternationalofficial.com\/index.php\/wp-json\/wp\/v2\/pages\/202\/revisions"}],"predecessor-version":[{"id":8007,"href":"https:\/\/castingsonline.topmodelinternationalofficial.com\/index.php\/wp-json\/wp\/v2\/pages\/202\/revisions\/8007"}],"up":[{"embeddable":true,"href":"https:\/\/castingsonline.topmodelinternationalofficial.com\/index.php\/wp-json\/wp\/v2\/pages\/213"}],"wp:attachment":[{"href":"https:\/\/castingsonline.topmodelinternationalofficial.com\/index.php\/wp-json\/wp\/v2\/media?parent=202"}],"curies":[{"name":"wp","href":"https:\/\/api.w.org\/{rel}","templated":true}]}}